{"id":139,"date":"2014-07-05T19:37:31","date_gmt":"2014-07-05T19:37:31","guid":{"rendered":"http:\/\/greengrocer-senegal.com\/?page_id=139"},"modified":"2016-08-18T18:57:45","modified_gmt":"2016-08-18T18:57:45","slug":"patatas","status":"publish","type":"page","link":"http:\/\/greengrocer-senegal.com\/?page_id=139","title":{"rendered":"Patata"},"content":{"rendered":"<p>&nbsp;<\/p>\n<p><img decoding=\"async\" loading=\"lazy\" class=\"aligncenter  wp-image-614\" src=\"http:\/\/greengrocer-senegal.com\/wp-content\/uploads\/2016\/06\/PATATA.png\" alt=\"PATATA\" width=\"1003\" height=\"274\" data-id=\"614\" srcset=\"http:\/\/greengrocer-senegal.com\/wp-content\/uploads\/2016\/06\/PATATA.png 723w, http:\/\/greengrocer-senegal.com\/wp-content\/uploads\/2016\/06\/PATATA-300x82.png 300w\" sizes=\"(max-width: 1003px) 100vw, 1003px\" \/><\/p>\n<p>Tub\u00e9rculo comestible de la patatera, perteneciente a la familia de las Solan\u00e1ceas. Es considerado un alimento muy antiguo, que proviene de Am\u00e9rica.<\/p>\n<p>Con GreenGrocer Senegal podr\u00e1 disponer de la Patata durante todo el a\u00f1o con la garant\u00eda de la mejor calidad. Su cultivo va acompa\u00f1ado siempre de\u00a0 t\u00e9cnicas avanzadas y respetuosas con el medio ambiente. Nuestros especialistas se encargan de escoger los productos en las mejores condiciones.<\/p>\n<p><img decoding=\"async\" loading=\"lazy\" class=\"aligncenter  wp-image-657\" src=\"http:\/\/greengrocer-senegal.com\/wp-content\/uploads\/2016\/06\/PATATA-1.png\" alt=\"PATATA\" width=\"594\" height=\"420\" data-id=\"657\" srcset=\"http:\/\/greengrocer-senegal.com\/wp-content\/uploads\/2016\/06\/PATATA-1.png 1754w, http:\/\/greengrocer-senegal.com\/wp-content\/uploads\/2016\/06\/PATATA-1-300x212.png 300w, http:\/\/greengrocer-senegal.com\/wp-content\/uploads\/2016\/06\/PATATA-1-768x543.png 768w, http:\/\/greengrocer-senegal.com\/wp-content\/uploads\/2016\/06\/PATATA-1-1024x724.png 1024w\" sizes=\"(max-width: 594px) 100vw, 594px\" \/><\/p>\n<p><strong><em><u>Garant\u00edas de conservaci\u00f3n y trasporte<\/u><\/em><\/strong><\/p>\n<p>Las recomendaciones para la conservaci\u00f3n durante el transporte de este tipo de producto son refrigerada entre 2\u00ba y 4\u00baC. GreenGrocer Senegal garantiza que se mantiene la cadena fr\u00edo durante el transporte desde la recolecta hasta su entrega.<\/p>\n<p>&nbsp;<\/p>","protected":false},"excerpt":{"rendered":"<p>&nbsp; Tub\u00e9rculo comestible de la patatera, perteneciente a la familia de las Solan\u00e1ceas. Es considerado un alimento muy antiguo, que proviene de Am\u00e9rica. Con GreenGrocer Senegal podr\u00e1 disponer de la Patata durante<a class=\"moretag\" href=\"http:\/\/greengrocer-senegal.com\/?page_id=139\">Read More&#8230;<\/a><\/p>\n","protected":false},"author":1,"featured_media":0,"parent":51,"menu_order":0,"comment_status":"closed","ping_status":"closed","template":"","meta":[],"_links":{"self":[{"href":"http:\/\/greengrocer-senegal.com\/index.php?rest_route=\/wp\/v2\/pages\/139"}],"collection":[{"href":"http:\/\/greengrocer-senegal.com\/index.php?rest_route=\/wp\/v2\/pages"}],"about":[{"href":"http:\/\/greengrocer-senegal.com\/index.php?rest_route=\/wp\/v2\/types\/page"}],"author":[{"embeddable":true,"href":"http:\/\/greengrocer-senegal.com\/index.php?rest_route=\/wp\/v2\/users\/1"}],"replies":[{"embeddable":true,"href":"http:\/\/greengrocer-senegal.com\/index.php?rest_route=%2Fwp%2Fv2%2Fcomments&post=139"}],"version-history":[{"count":6,"href":"http:\/\/greengrocer-senegal.com\/index.php?rest_route=\/wp\/v2\/pages\/139\/revisions"}],"predecessor-version":[{"id":1027,"href":"http:\/\/greengrocer-senegal.com\/index.php?rest_route=\/wp\/v2\/pages\/139\/revisions\/1027"}],"up":[{"embeddable":true,"href":"http:\/\/greengrocer-senegal.com\/index.php?rest_route=\/wp\/v2\/pages\/51"}],"wp:attachment":[{"href":"http:\/\/greengrocer-senegal.com\/index.php?rest_route=%2Fwp%2Fv2%2Fmedia&parent=139"}],"curies":[{"name":"wp","href":"https:\/\/api.w.org\/{rel}","templated":true}]}}