{"id":143,"date":"2014-07-05T19:38:12","date_gmt":"2014-07-05T19:38:12","guid":{"rendered":"http:\/\/greengrocer-senegal.com\/?page_id=143"},"modified":"2016-08-18T18:41:38","modified_gmt":"2016-08-18T18:41:38","slug":"tomates","status":"publish","type":"page","link":"http:\/\/greengrocer-senegal.com\/?page_id=143","title":{"rendered":"Tomate"},"content":{"rendered":"<p>&nbsp;<\/p>\n<p><img decoding=\"async\" loading=\"lazy\" class=\"aligncenter  wp-image-627\" src=\"http:\/\/greengrocer-senegal.com\/wp-content\/uploads\/2016\/06\/TOMATE-ES-Y-FR.png\" alt=\"TOMATE ES Y FR\" width=\"1003\" height=\"274\" data-id=\"627\" srcset=\"http:\/\/greengrocer-senegal.com\/wp-content\/uploads\/2016\/06\/TOMATE-ES-Y-FR.png 723w, http:\/\/greengrocer-senegal.com\/wp-content\/uploads\/2016\/06\/TOMATE-ES-Y-FR-300x82.png 300w\" sizes=\"(max-width: 1003px) 100vw, 1003px\" \/><\/p>\n<p>Hortaliza perteneciente a la familia de las Solan\u00e1ceas. Verde cuando es joven y se va convirtiendo en rojo conforme va madurando. La tomatera se considera originaria de Am\u00e9rica. En estos momentos es un producto muy popular debido a su versatilidad y facilidad para combinarse con numerosos alimentos.<\/p>\n<p>Con GreenGrocer Senegal podr\u00e1 disponer del Tomate durante todo el a\u00f1o con la garant\u00eda de la mejor calidad. Su cultivo va acompa\u00f1ado siempre de\u00a0 t\u00e9cnicas avanzadas y respetuosas con el medio ambiente. Nuestros especialistas se encargan de escoger los productos en las mejores condiciones.<\/p>\n<p><img decoding=\"async\" loading=\"lazy\" class=\"aligncenter  wp-image-662\" src=\"http:\/\/greengrocer-senegal.com\/wp-content\/uploads\/2016\/06\/TOMATE.png\" alt=\"TOMATE\" width=\"597\" height=\"422\" data-id=\"662\" srcset=\"http:\/\/greengrocer-senegal.com\/wp-content\/uploads\/2016\/06\/TOMATE.png 1754w, http:\/\/greengrocer-senegal.com\/wp-content\/uploads\/2016\/06\/TOMATE-300x212.png 300w, http:\/\/greengrocer-senegal.com\/wp-content\/uploads\/2016\/06\/TOMATE-768x543.png 768w, http:\/\/greengrocer-senegal.com\/wp-content\/uploads\/2016\/06\/TOMATE-1024x724.png 1024w\" sizes=\"(max-width: 597px) 100vw, 597px\" \/><\/p>\n<p><strong><em><u>Garant\u00edas de conservaci\u00f3n y trasporte<\/u><\/em><\/strong><\/p>\n<p>Las recomendaciones para la conservaci\u00f3n durante el transporte de este tipo de hortaliza son refrigerada entre 2\u00ba y 4\u00baC. GreenGrocer Senegal garantiza que se mantiene la cadena fr\u00edo durante el transporte desde la recolecta hasta su entrega.<\/p>\n<p>&nbsp;<\/p>","protected":false},"excerpt":{"rendered":"<p>&nbsp; Hortaliza perteneciente a la familia de las Solan\u00e1ceas. Verde cuando es joven y se va convirtiendo en rojo conforme va madurando. La tomatera se considera originaria de Am\u00e9rica. En estos momentos<a class=\"moretag\" href=\"http:\/\/greengrocer-senegal.com\/?page_id=143\">Read More&#8230;<\/a><\/p>\n","protected":false},"author":1,"featured_media":0,"parent":51,"menu_order":0,"comment_status":"closed","ping_status":"closed","template":"","meta":[],"_links":{"self":[{"href":"http:\/\/greengrocer-senegal.com\/index.php?rest_route=\/wp\/v2\/pages\/143"}],"collection":[{"href":"http:\/\/greengrocer-senegal.com\/index.php?rest_route=\/wp\/v2\/pages"}],"about":[{"href":"http:\/\/greengrocer-senegal.com\/index.php?rest_route=\/wp\/v2\/types\/page"}],"author":[{"embeddable":true,"href":"http:\/\/greengrocer-senegal.com\/index.php?rest_route=\/wp\/v2\/users\/1"}],"replies":[{"embeddable":true,"href":"http:\/\/greengrocer-senegal.com\/index.php?rest_route=%2Fwp%2Fv2%2Fcomments&post=143"}],"version-history":[{"count":5,"href":"http:\/\/greengrocer-senegal.com\/index.php?rest_route=\/wp\/v2\/pages\/143\/revisions"}],"predecessor-version":[{"id":1021,"href":"http:\/\/greengrocer-senegal.com\/index.php?rest_route=\/wp\/v2\/pages\/143\/revisions\/1021"}],"up":[{"embeddable":true,"href":"http:\/\/greengrocer-senegal.com\/index.php?rest_route=\/wp\/v2\/pages\/51"}],"wp:attachment":[{"href":"http:\/\/greengrocer-senegal.com\/index.php?rest_route=%2Fwp%2Fv2%2Fmedia&parent=143"}],"curies":[{"name":"wp","href":"https:\/\/api.w.org\/{rel}","templated":true}]}}