{"id":145,"date":"2014-07-05T19:38:51","date_gmt":"2014-07-05T19:38:51","guid":{"rendered":"http:\/\/greengrocer-senegal.com\/?page_id=145"},"modified":"2016-08-18T19:24:10","modified_gmt":"2016-08-18T19:24:10","slug":"coles","status":"publish","type":"page","link":"http:\/\/greengrocer-senegal.com\/?page_id=145","title":{"rendered":"Col"},"content":{"rendered":"<p>&nbsp;<\/p>\n<p><img decoding=\"async\" loading=\"lazy\" class=\"aligncenter wp-image-593\" src=\"http:\/\/greengrocer-senegal.com\/wp-content\/uploads\/2016\/06\/COL.png\" alt=\"COL\" width=\"1003\" height=\"274\" data-id=\"593\" srcset=\"http:\/\/greengrocer-senegal.com\/wp-content\/uploads\/2016\/06\/COL.png 723w, http:\/\/greengrocer-senegal.com\/wp-content\/uploads\/2016\/06\/COL-300x82.png 300w\" sizes=\"(max-width: 1003px) 100vw, 1003px\" \/><\/p>\n<p>Hortaliza de la familia de las Cruc\u00edferas. Las variedades se diferencian en color (verde, morado) o en la textura (lisa o rizada). Es\u00a0 originaria de Europa.<\/p>\n<p>Con GreenGrocer Senegal podr\u00e1 disponer de la Col durante todo el a\u00f1o con la garant\u00eda de la mejor calidad. Su cultivo va acompa\u00f1ado siempre de\u00a0 t\u00e9cnicas avanzadas y respetuosas con el medio ambiente. Nuestros especialistas se encargan de escoger los productos en las mejores condiciones.<\/p>\n<p><img decoding=\"async\" loading=\"lazy\" class=\"aligncenter wp-image-647\" src=\"http:\/\/greengrocer-senegal.com\/wp-content\/uploads\/2016\/06\/COL-1.png\" alt=\"COL\" width=\"594\" height=\"420\" data-id=\"647\" srcset=\"http:\/\/greengrocer-senegal.com\/wp-content\/uploads\/2016\/06\/COL-1.png 1754w, http:\/\/greengrocer-senegal.com\/wp-content\/uploads\/2016\/06\/COL-1-300x212.png 300w, http:\/\/greengrocer-senegal.com\/wp-content\/uploads\/2016\/06\/COL-1-768x543.png 768w, http:\/\/greengrocer-senegal.com\/wp-content\/uploads\/2016\/06\/COL-1-1024x724.png 1024w\" sizes=\"(max-width: 594px) 100vw, 594px\" \/><\/p>\n<p><strong><em><u>Garant\u00edas de conservaci\u00f3n y trasporte<\/u><\/em><\/strong><\/p>\n<p>Las recomendaciones para la conservaci\u00f3n durante el transporte de este tipo de hortaliza son refrigerada entre 2\u00ba y 4\u00baC. GreenGrocer Senegal garantiza que se mantiene la cadena fr\u00edo durante el transporte desde la recolecta hasta su entrega.<\/p>\n<p>&nbsp;<\/p>","protected":false},"excerpt":{"rendered":"<p>&nbsp; Hortaliza de la familia de las Cruc\u00edferas. Las variedades se diferencian en color (verde, morado) o en la textura (lisa o rizada). Es\u00a0 originaria de Europa. Con GreenGrocer Senegal podr\u00e1 disponer<a class=\"moretag\" href=\"http:\/\/greengrocer-senegal.com\/?page_id=145\">Read More&#8230;<\/a><\/p>\n","protected":false},"author":1,"featured_media":0,"parent":51,"menu_order":0,"comment_status":"closed","ping_status":"closed","template":"","meta":[],"_links":{"self":[{"href":"http:\/\/greengrocer-senegal.com\/index.php?rest_route=\/wp\/v2\/pages\/145"}],"collection":[{"href":"http:\/\/greengrocer-senegal.com\/index.php?rest_route=\/wp\/v2\/pages"}],"about":[{"href":"http:\/\/greengrocer-senegal.com\/index.php?rest_route=\/wp\/v2\/types\/page"}],"author":[{"embeddable":true,"href":"http:\/\/greengrocer-senegal.com\/index.php?rest_route=\/wp\/v2\/users\/1"}],"replies":[{"embeddable":true,"href":"http:\/\/greengrocer-senegal.com\/index.php?rest_route=%2Fwp%2Fv2%2Fcomments&post=145"}],"version-history":[{"count":7,"href":"http:\/\/greengrocer-senegal.com\/index.php?rest_route=\/wp\/v2\/pages\/145\/revisions"}],"predecessor-version":[{"id":1040,"href":"http:\/\/greengrocer-senegal.com\/index.php?rest_route=\/wp\/v2\/pages\/145\/revisions\/1040"}],"up":[{"embeddable":true,"href":"http:\/\/greengrocer-senegal.com\/index.php?rest_route=\/wp\/v2\/pages\/51"}],"wp:attachment":[{"href":"http:\/\/greengrocer-senegal.com\/index.php?rest_route=%2Fwp%2Fv2%2Fmedia&parent=145"}],"curies":[{"name":"wp","href":"https:\/\/api.w.org\/{rel}","templated":true}]}}