{"id":459,"date":"2016-03-28T17:19:26","date_gmt":"2016-03-28T17:19:26","guid":{"rendered":"http:\/\/greengrocer-senegal.com\/?page_id=459"},"modified":"2016-08-18T19:01:23","modified_gmt":"2016-08-18T19:01:23","slug":"boniato","status":"publish","type":"page","link":"http:\/\/greengrocer-senegal.com\/?page_id=459","title":{"rendered":"Nabo"},"content":{"rendered":"<p><img decoding=\"async\" loading=\"lazy\" class=\"aligncenter  wp-image-609\" src=\"http:\/\/greengrocer-senegal.com\/wp-content\/uploads\/2016\/06\/NABO.png\" alt=\"NABO\" width=\"1003\" height=\"274\" data-id=\"609\" srcset=\"http:\/\/greengrocer-senegal.com\/wp-content\/uploads\/2016\/06\/NABO.png 723w, http:\/\/greengrocer-senegal.com\/wp-content\/uploads\/2016\/06\/NABO-300x82.png 300w\" sizes=\"(max-width: 1003px) 100vw, 1003px\" \/><\/p>\n<p>Hortaliza pertenece a la familia de las Cruc\u00edferas que tiene su origen en Europa. Se trata de la ra\u00edz de la planta que tiene el mismo nombre, la ra\u00edz es de tipo tuberoso (engrosado) y posee color blanco en su exterior.<\/p>\n<p>Con GreenGrocer Senegal podr\u00e1 disponer del Nabo durante todo el a\u00f1o con la garant\u00eda de la mejor calidad. Su cultivo va acompa\u00f1ado siempre de t\u00e9cnicas avanzadas y respetuosas con el medio ambiente. Nuestros especialistas se encargan de escoger los productos en las mejores condiciones.<\/p>\n<p><img decoding=\"async\" loading=\"lazy\" class=\"aligncenter  wp-image-655\" src=\"http:\/\/greengrocer-senegal.com\/wp-content\/uploads\/2016\/06\/NABO-1.png\" alt=\"NABO\" width=\"594\" height=\"420\" data-id=\"655\" srcset=\"http:\/\/greengrocer-senegal.com\/wp-content\/uploads\/2016\/06\/NABO-1.png 1754w, http:\/\/greengrocer-senegal.com\/wp-content\/uploads\/2016\/06\/NABO-1-300x212.png 300w, http:\/\/greengrocer-senegal.com\/wp-content\/uploads\/2016\/06\/NABO-1-768x543.png 768w, http:\/\/greengrocer-senegal.com\/wp-content\/uploads\/2016\/06\/NABO-1-1024x724.png 1024w\" sizes=\"(max-width: 594px) 100vw, 594px\" \/><\/p>\n<p><strong><em><u>Garant\u00edas de conservaci\u00f3n y trasporte<\/u><\/em><\/strong><\/p>\n<p>Las recomendaciones para la conservaci\u00f3n durante el transporte de este tipo de hortaliza son refrigerada entre 2\u00ba y 4\u00baC. GreenGrocer Senegal garantiza que se mantiene la cadena fr\u00edo durante el transporte desde la recolecta hasta su entrega.<\/p>\n<p>&nbsp;<\/p>","protected":false},"excerpt":{"rendered":"<p>Hortaliza pertenece a la familia de las Cruc\u00edferas que tiene su origen en Europa. Se trata de la ra\u00edz de la planta que tiene el mismo nombre, la ra\u00edz es de tipo<a class=\"moretag\" href=\"http:\/\/greengrocer-senegal.com\/?page_id=459\">Read More&#8230;<\/a><\/p>\n","protected":false},"author":1,"featured_media":0,"parent":51,"menu_order":0,"comment_status":"closed","ping_status":"closed","template":"","meta":[],"_links":{"self":[{"href":"http:\/\/greengrocer-senegal.com\/index.php?rest_route=\/wp\/v2\/pages\/459"}],"collection":[{"href":"http:\/\/greengrocer-senegal.com\/index.php?rest_route=\/wp\/v2\/pages"}],"about":[{"href":"http:\/\/greengrocer-senegal.com\/index.php?rest_route=\/wp\/v2\/types\/page"}],"author":[{"embeddable":true,"href":"http:\/\/greengrocer-senegal.com\/index.php?rest_route=\/wp\/v2\/users\/1"}],"replies":[{"embeddable":true,"href":"http:\/\/greengrocer-senegal.com\/index.php?rest_route=%2Fwp%2Fv2%2Fcomments&post=459"}],"version-history":[{"count":4,"href":"http:\/\/greengrocer-senegal.com\/index.php?rest_route=\/wp\/v2\/pages\/459\/revisions"}],"predecessor-version":[{"id":1029,"href":"http:\/\/greengrocer-senegal.com\/index.php?rest_route=\/wp\/v2\/pages\/459\/revisions\/1029"}],"up":[{"embeddable":true,"href":"http:\/\/greengrocer-senegal.com\/index.php?rest_route=\/wp\/v2\/pages\/51"}],"wp:attachment":[{"href":"http:\/\/greengrocer-senegal.com\/index.php?rest_route=%2Fwp%2Fv2%2Fmedia&parent=459"}],"curies":[{"name":"wp","href":"https:\/\/api.w.org\/{rel}","templated":true}]}}