{"id":462,"date":"2016-03-28T17:20:03","date_gmt":"2016-03-28T17:20:03","guid":{"rendered":"http:\/\/greengrocer-senegal.com\/?page_id=462"},"modified":"2016-08-18T19:25:16","modified_gmt":"2016-08-18T19:25:16","slug":"lechuga","status":"publish","type":"page","link":"http:\/\/greengrocer-senegal.com\/?page_id=462","title":{"rendered":"Lechuga"},"content":{"rendered":"<p><img decoding=\"async\" loading=\"lazy\" class=\"aligncenter wp-image-597\" src=\"http:\/\/greengrocer-senegal.com\/wp-content\/uploads\/2016\/06\/LECHUGA.png\" alt=\"LECHUGA\" width=\"1003\" height=\"274\" data-id=\"597\" srcset=\"http:\/\/greengrocer-senegal.com\/wp-content\/uploads\/2016\/06\/LECHUGA.png 723w, http:\/\/greengrocer-senegal.com\/wp-content\/uploads\/2016\/06\/LECHUGA-300x82.png 300w\" sizes=\"(max-width: 1003px) 100vw, 1003px\" \/><\/p>\n<p>Hortalizas que pertenecen a la familia Aster\u00e1ceas. Se caracteriza porque sus flores est\u00e1n compuestas por la fusi\u00f3n de cientos o miles de flores diminutas. Su origen se sit\u00faa en Asia, a partir de donde se ha extendido a todo el mundo, presentando muchas variedades.<\/p>\n<p>Con GreenGrocer Senegal podr\u00e1 disponer de Lechuga durante todo el a\u00f1o con la garant\u00eda de la mejor calidad. Su cultivo va acompa\u00f1ado siempre de\u00a0 t\u00e9cnicas avanzadas y respetuosas con el medio ambiente. Nuestros especialistas se encargan de escoger los productos en las mejores condiciones.<\/p>\n<p><img decoding=\"async\" loading=\"lazy\" class=\"aligncenter wp-image-650\" src=\"http:\/\/greengrocer-senegal.com\/wp-content\/uploads\/2016\/06\/LECHUGA-1.png\" alt=\"LECHUGA\" width=\"596\" height=\"421\" data-id=\"650\" srcset=\"http:\/\/greengrocer-senegal.com\/wp-content\/uploads\/2016\/06\/LECHUGA-1.png 1754w, http:\/\/greengrocer-senegal.com\/wp-content\/uploads\/2016\/06\/LECHUGA-1-300x212.png 300w, http:\/\/greengrocer-senegal.com\/wp-content\/uploads\/2016\/06\/LECHUGA-1-768x543.png 768w, http:\/\/greengrocer-senegal.com\/wp-content\/uploads\/2016\/06\/LECHUGA-1-1024x724.png 1024w\" sizes=\"(max-width: 596px) 100vw, 596px\" \/><\/p>\n<p><strong><em><u>Garant\u00edas de conservaci\u00f3n y trasporte<\/u><\/em><\/strong><\/p>\n<p>Las recomendaciones para la conservaci\u00f3n durante el transporte de este tipo de hortaliza son refrigerada entre 2\u00ba y 4\u00baC. GreenGrocer Senegal garantiza que se mantiene la cadena fr\u00edo durante el transporte desde la recolecta hasta su entrega.<\/p>\n<p>&nbsp;<\/p>","protected":false},"excerpt":{"rendered":"<p>Hortalizas que pertenecen a la familia Aster\u00e1ceas. Se caracteriza porque sus flores est\u00e1n compuestas por la fusi\u00f3n de cientos o miles de flores diminutas. Su origen se sit\u00faa en Asia, a partir<a class=\"moretag\" href=\"http:\/\/greengrocer-senegal.com\/?page_id=462\">Read More&#8230;<\/a><\/p>\n","protected":false},"author":1,"featured_media":0,"parent":51,"menu_order":0,"comment_status":"closed","ping_status":"closed","template":"","meta":[],"_links":{"self":[{"href":"http:\/\/greengrocer-senegal.com\/index.php?rest_route=\/wp\/v2\/pages\/462"}],"collection":[{"href":"http:\/\/greengrocer-senegal.com\/index.php?rest_route=\/wp\/v2\/pages"}],"about":[{"href":"http:\/\/greengrocer-senegal.com\/index.php?rest_route=\/wp\/v2\/types\/page"}],"author":[{"embeddable":true,"href":"http:\/\/greengrocer-senegal.com\/index.php?rest_route=\/wp\/v2\/users\/1"}],"replies":[{"embeddable":true,"href":"http:\/\/greengrocer-senegal.com\/index.php?rest_route=%2Fwp%2Fv2%2Fcomments&post=462"}],"version-history":[{"count":5,"href":"http:\/\/greengrocer-senegal.com\/index.php?rest_route=\/wp\/v2\/pages\/462\/revisions"}],"predecessor-version":[{"id":1041,"href":"http:\/\/greengrocer-senegal.com\/index.php?rest_route=\/wp\/v2\/pages\/462\/revisions\/1041"}],"up":[{"embeddable":true,"href":"http:\/\/greengrocer-senegal.com\/index.php?rest_route=\/wp\/v2\/pages\/51"}],"wp:attachment":[{"href":"http:\/\/greengrocer-senegal.com\/index.php?rest_route=%2Fwp%2Fv2%2Fmedia&parent=462"}],"curies":[{"name":"wp","href":"https:\/\/api.w.org\/{rel}","templated":true}]}}