{"id":465,"date":"2016-03-28T17:20:53","date_gmt":"2016-03-28T17:20:53","guid":{"rendered":"http:\/\/greengrocer-senegal.com\/?page_id=465"},"modified":"2016-08-18T18:29:58","modified_gmt":"2016-08-18T18:29:58","slug":"boniato-2","status":"publish","type":"page","link":"http:\/\/greengrocer-senegal.com\/?page_id=465","title":{"rendered":"Boniato"},"content":{"rendered":"<p><img decoding=\"async\" loading=\"lazy\" class=\"aligncenter  wp-image-578\" src=\"http:\/\/greengrocer-senegal.com\/wp-content\/uploads\/2016\/06\/BONIATO.png\" alt=\"BONIATO\" width=\"1003\" height=\"274\" data-id=\"578\" srcset=\"http:\/\/greengrocer-senegal.com\/wp-content\/uploads\/2016\/06\/BONIATO.png 723w, http:\/\/greengrocer-senegal.com\/wp-content\/uploads\/2016\/06\/BONIATO-300x82.png 300w\" sizes=\"(max-width: 1003px) 100vw, 1003px\" \/><\/p>\n<p>Hortaliza perteneciente a la familia de las Convolvulaceae. El boniato presenta forma alargada y es caracter\u00edstico por presentar carne anaranjada y dulce. Su origen se establece en Am\u00e9rica Tropical. Tambi\u00e9n es conocido como camote.<\/p>\n<p>Con GreenGrocer Senegal podr\u00e1 disponer del Boniato durante todo el a\u00f1o con la garant\u00eda de la mejor calidad. Las zonas de producci\u00f3n var\u00edan en funci\u00f3n en la temporada en la que nos encontremos. Su cultivo va acompa\u00f1ado siempre de\u00a0 t\u00e9cnicas avanzadas y respetuosas con el medio ambiente. Nuestros especialistas se encargan de escoger los productos en las mejores condiciones.<\/p>\n<p><img decoding=\"async\" loading=\"lazy\" class=\"aligncenter  wp-image-643\" src=\"http:\/\/greengrocer-senegal.com\/wp-content\/uploads\/2016\/06\/BONIATO-1.png\" alt=\"BONIATO\" width=\"596\" height=\"421\" data-id=\"643\" srcset=\"http:\/\/greengrocer-senegal.com\/wp-content\/uploads\/2016\/06\/BONIATO-1.png 1754w, http:\/\/greengrocer-senegal.com\/wp-content\/uploads\/2016\/06\/BONIATO-1-300x212.png 300w, http:\/\/greengrocer-senegal.com\/wp-content\/uploads\/2016\/06\/BONIATO-1-768x543.png 768w, http:\/\/greengrocer-senegal.com\/wp-content\/uploads\/2016\/06\/BONIATO-1-1024x724.png 1024w\" sizes=\"(max-width: 596px) 100vw, 596px\" \/><\/p>\n<p><strong><em><u>Garant\u00edas de conservaci\u00f3n y trasporte<\/u><\/em><\/strong><\/p>\n<p>Las recomendaciones para la conservaci\u00f3n durante el transporte de este tipo de hortaliza son refrigerada entre 12\u00ba y 14\u00baC. GreenGrocer Senegal garantiza que se mantienen las condiciones adecuadas durante el transporte desde la recolecta hasta su entrega.<\/p>\n<p>&nbsp;<\/p>","protected":false},"excerpt":{"rendered":"<p>Hortaliza perteneciente a la familia de las Convolvulaceae. El boniato presenta forma alargada y es caracter\u00edstico por presentar carne anaranjada y dulce. Su origen se establece en Am\u00e9rica Tropical. Tambi\u00e9n es conocido<a class=\"moretag\" href=\"http:\/\/greengrocer-senegal.com\/?page_id=465\">Read More&#8230;<\/a><\/p>\n","protected":false},"author":1,"featured_media":0,"parent":51,"menu_order":0,"comment_status":"closed","ping_status":"closed","template":"","meta":[],"_links":{"self":[{"href":"http:\/\/greengrocer-senegal.com\/index.php?rest_route=\/wp\/v2\/pages\/465"}],"collection":[{"href":"http:\/\/greengrocer-senegal.com\/index.php?rest_route=\/wp\/v2\/pages"}],"about":[{"href":"http:\/\/greengrocer-senegal.com\/index.php?rest_route=\/wp\/v2\/types\/page"}],"author":[{"embeddable":true,"href":"http:\/\/greengrocer-senegal.com\/index.php?rest_route=\/wp\/v2\/users\/1"}],"replies":[{"embeddable":true,"href":"http:\/\/greengrocer-senegal.com\/index.php?rest_route=%2Fwp%2Fv2%2Fcomments&post=465"}],"version-history":[{"count":4,"href":"http:\/\/greengrocer-senegal.com\/index.php?rest_route=\/wp\/v2\/pages\/465\/revisions"}],"predecessor-version":[{"id":1016,"href":"http:\/\/greengrocer-senegal.com\/index.php?rest_route=\/wp\/v2\/pages\/465\/revisions\/1016"}],"up":[{"embeddable":true,"href":"http:\/\/greengrocer-senegal.com\/index.php?rest_route=\/wp\/v2\/pages\/51"}],"wp:attachment":[{"href":"http:\/\/greengrocer-senegal.com\/index.php?rest_route=%2Fwp%2Fv2%2Fmedia&parent=465"}],"curies":[{"name":"wp","href":"https:\/\/api.w.org\/{rel}","templated":true}]}}