{"id":467,"date":"2016-03-28T17:21:05","date_gmt":"2016-03-28T17:21:05","guid":{"rendered":"http:\/\/greengrocer-senegal.com\/?page_id=467"},"modified":"2016-08-18T18:26:20","modified_gmt":"2016-08-18T18:26:20","slug":"apio","status":"publish","type":"page","link":"http:\/\/greengrocer-senegal.com\/?page_id=467","title":{"rendered":"Apio"},"content":{"rendered":"<p><img decoding=\"async\" loading=\"lazy\" class=\"aligncenter wp-image-575\" src=\"http:\/\/greengrocer-senegal.com\/wp-content\/uploads\/2016\/06\/APIO.png\" alt=\"APIO\" width=\"1003\" height=\"274\" data-id=\"575\" srcset=\"http:\/\/greengrocer-senegal.com\/wp-content\/uploads\/2016\/06\/APIO.png 723w, http:\/\/greengrocer-senegal.com\/wp-content\/uploads\/2016\/06\/APIO-300x82.png 300w\" sizes=\"(max-width: 1003px) 100vw, 1003px\" \/><\/p>\n<p>Hortaliza de la familia de las Umbel\u00edferas. Formada por tallos estriados formando una gruesa penca con hojas acu\u00f1adas. Tiene su origen en el clima templado de Europa.<\/p>\n<p>Con GreenGrocer Senegal podr\u00e1 disponer del Apio durante todo el a\u00f1o con la garant\u00eda de la mejor calidad. Su cultivo va acompa\u00f1ado siempre de\u00a0 t\u00e9cnicas avanzadas y respetuosas con el medio ambiente. Nuestros especialistas se encargan de escoger los productos en las mejores condiciones.<\/p>\n<p><img decoding=\"async\" loading=\"lazy\" class=\"aligncenter wp-image-642\" src=\"http:\/\/greengrocer-senegal.com\/wp-content\/uploads\/2016\/06\/APIO-1.png\" alt=\"APIO\" width=\"596\" height=\"421\" data-id=\"642\" srcset=\"http:\/\/greengrocer-senegal.com\/wp-content\/uploads\/2016\/06\/APIO-1.png 1754w, http:\/\/greengrocer-senegal.com\/wp-content\/uploads\/2016\/06\/APIO-1-300x212.png 300w, http:\/\/greengrocer-senegal.com\/wp-content\/uploads\/2016\/06\/APIO-1-768x543.png 768w, http:\/\/greengrocer-senegal.com\/wp-content\/uploads\/2016\/06\/APIO-1-1024x724.png 1024w\" sizes=\"(max-width: 596px) 100vw, 596px\" \/><\/p>\n<p><strong><em><u>Garant\u00edas de conservaci\u00f3n y trasporte<\/u><\/em><\/strong><\/p>\n<p>Las recomendaciones para la conservaci\u00f3n durante el transporte de este tipo de hortaliza son refrigerada entre 2\u00ba y 4\u00baC. GreenGrocer Senegal garantiza que se mantiene la cadena fr\u00edo durante el transporte desde la recolecta hasta su entrega.<\/p>\n<p>&nbsp;<\/p>","protected":false},"excerpt":{"rendered":"<p>Hortaliza de la familia de las Umbel\u00edferas. Formada por tallos estriados formando una gruesa penca con hojas acu\u00f1adas. Tiene su origen en el clima templado de Europa. Con GreenGrocer Senegal podr\u00e1 disponer<a class=\"moretag\" href=\"http:\/\/greengrocer-senegal.com\/?page_id=467\">Read More&#8230;<\/a><\/p>\n","protected":false},"author":1,"featured_media":0,"parent":51,"menu_order":0,"comment_status":"closed","ping_status":"closed","template":"","meta":[],"_links":{"self":[{"href":"http:\/\/greengrocer-senegal.com\/index.php?rest_route=\/wp\/v2\/pages\/467"}],"collection":[{"href":"http:\/\/greengrocer-senegal.com\/index.php?rest_route=\/wp\/v2\/pages"}],"about":[{"href":"http:\/\/greengrocer-senegal.com\/index.php?rest_route=\/wp\/v2\/types\/page"}],"author":[{"embeddable":true,"href":"http:\/\/greengrocer-senegal.com\/index.php?rest_route=\/wp\/v2\/users\/1"}],"replies":[{"embeddable":true,"href":"http:\/\/greengrocer-senegal.com\/index.php?rest_route=%2Fwp%2Fv2%2Fcomments&post=467"}],"version-history":[{"count":5,"href":"http:\/\/greengrocer-senegal.com\/index.php?rest_route=\/wp\/v2\/pages\/467\/revisions"}],"predecessor-version":[{"id":1014,"href":"http:\/\/greengrocer-senegal.com\/index.php?rest_route=\/wp\/v2\/pages\/467\/revisions\/1014"}],"up":[{"embeddable":true,"href":"http:\/\/greengrocer-senegal.com\/index.php?rest_route=\/wp\/v2\/pages\/51"}],"wp:attachment":[{"href":"http:\/\/greengrocer-senegal.com\/index.php?rest_route=%2Fwp%2Fv2%2Fmedia&parent=467"}],"curies":[{"name":"wp","href":"https:\/\/api.w.org\/{rel}","templated":true}]}}