{"id":471,"date":"2016-03-28T17:21:38","date_gmt":"2016-03-28T17:21:38","guid":{"rendered":"http:\/\/greengrocer-senegal.com\/?page_id=471"},"modified":"2016-08-18T18:44:11","modified_gmt":"2016-08-18T18:44:11","slug":"remolacha","status":"publish","type":"page","link":"http:\/\/greengrocer-senegal.com\/?page_id=471","title":{"rendered":"Remolacha"},"content":{"rendered":"<p><img decoding=\"async\" loading=\"lazy\" class=\"aligncenter  wp-image-623\" src=\"http:\/\/greengrocer-senegal.com\/wp-content\/uploads\/2016\/06\/REMOLACHA.png\" alt=\"REMOLACHA\" width=\"1003\" height=\"274\" data-id=\"623\" srcset=\"http:\/\/greengrocer-senegal.com\/wp-content\/uploads\/2016\/06\/REMOLACHA.png 723w, http:\/\/greengrocer-senegal.com\/wp-content\/uploads\/2016\/06\/REMOLACHA-300x82.png 300w\" sizes=\"(max-width: 1003px) 100vw, 1003px\" \/><\/p>\n<p>Tambi\u00e9n conocido como betabel, se trata de una ra\u00edz esf\u00e9rica de forma globosa, profunda, grande y carnosa que crece en la planta con el mismo nombre. Pertenece a la familia de las Quenopodi\u00e1ceas. Procede de la especie bot\u00e1nica Beta mar\u00edtima, planta originaria de \u00c1frica.<\/p>\n<p>Con GreenGrocer Senegal podr\u00e1 disponer de la Remolacha durante todo el a\u00f1o con la garant\u00eda de la mejor calidad. Su cultivo va acompa\u00f1ado siempre de\u00a0 t\u00e9cnicas avanzadas y respetuosas con el medio ambiente. Nuestros especialistas se encargan de escoger los productos en las mejores condiciones.<\/p>\n<p><img decoding=\"async\" loading=\"lazy\" class=\"aligncenter  wp-image-660\" src=\"http:\/\/greengrocer-senegal.com\/wp-content\/uploads\/2016\/06\/REMOLACHA-1.png\" alt=\"REMOLACHA\" width=\"593\" height=\"419\" data-id=\"660\" srcset=\"http:\/\/greengrocer-senegal.com\/wp-content\/uploads\/2016\/06\/REMOLACHA-1.png 1754w, http:\/\/greengrocer-senegal.com\/wp-content\/uploads\/2016\/06\/REMOLACHA-1-300x212.png 300w, http:\/\/greengrocer-senegal.com\/wp-content\/uploads\/2016\/06\/REMOLACHA-1-768x543.png 768w, http:\/\/greengrocer-senegal.com\/wp-content\/uploads\/2016\/06\/REMOLACHA-1-1024x724.png 1024w\" sizes=\"(max-width: 593px) 100vw, 593px\" \/><\/p>\n<p><strong><em><u>Garant\u00edas de conservaci\u00f3n y trasporte<\/u><\/em><\/strong><\/p>\n<p>Las recomendaciones para la conservaci\u00f3n durante el transporte de este producto son refrigerada entre 2\u00ba y 4\u00baC. GreenGrocer Senegal garantiza que se mantiene la cadena fr\u00edo durante el transporte desde la recolecta hasta su entrega.<\/p>\n<p>&nbsp;<\/p>","protected":false},"excerpt":{"rendered":"<p>Tambi\u00e9n conocido como betabel, se trata de una ra\u00edz esf\u00e9rica de forma globosa, profunda, grande y carnosa que crece en la planta con el mismo nombre. Pertenece a la familia de las<a class=\"moretag\" href=\"http:\/\/greengrocer-senegal.com\/?page_id=471\">Read More&#8230;<\/a><\/p>\n","protected":false},"author":1,"featured_media":0,"parent":51,"menu_order":0,"comment_status":"closed","ping_status":"closed","template":"","meta":[],"_links":{"self":[{"href":"http:\/\/greengrocer-senegal.com\/index.php?rest_route=\/wp\/v2\/pages\/471"}],"collection":[{"href":"http:\/\/greengrocer-senegal.com\/index.php?rest_route=\/wp\/v2\/pages"}],"about":[{"href":"http:\/\/greengrocer-senegal.com\/index.php?rest_route=\/wp\/v2\/types\/page"}],"author":[{"embeddable":true,"href":"http:\/\/greengrocer-senegal.com\/index.php?rest_route=\/wp\/v2\/users\/1"}],"replies":[{"embeddable":true,"href":"http:\/\/greengrocer-senegal.com\/index.php?rest_route=%2Fwp%2Fv2%2Fcomments&post=471"}],"version-history":[{"count":3,"href":"http:\/\/greengrocer-senegal.com\/index.php?rest_route=\/wp\/v2\/pages\/471\/revisions"}],"predecessor-version":[{"id":1023,"href":"http:\/\/greengrocer-senegal.com\/index.php?rest_route=\/wp\/v2\/pages\/471\/revisions\/1023"}],"up":[{"embeddable":true,"href":"http:\/\/greengrocer-senegal.com\/index.php?rest_route=\/wp\/v2\/pages\/51"}],"wp:attachment":[{"href":"http:\/\/greengrocer-senegal.com\/index.php?rest_route=%2Fwp%2Fv2%2Fmedia&parent=471"}],"curies":[{"name":"wp","href":"https:\/\/api.w.org\/{rel}","templated":true}]}}