{"id":483,"date":"2016-03-28T17:23:19","date_gmt":"2016-03-28T17:23:19","guid":{"rendered":"http:\/\/greengrocer-senegal.com\/?page_id=483"},"modified":"2016-08-18T19:17:17","modified_gmt":"2016-08-18T19:17:17","slug":"mandarina","status":"publish","type":"page","link":"http:\/\/greengrocer-senegal.com\/?page_id=483","title":{"rendered":"Mandarina"},"content":{"rendered":"<p><img decoding=\"async\" loading=\"lazy\" class=\"aligncenter wp-image-600\" src=\"http:\/\/greengrocer-senegal.com\/wp-content\/uploads\/2016\/06\/MANDARINA.png\" alt=\"MANDARINA\" width=\"1003\" height=\"274\" data-id=\"600\" srcset=\"http:\/\/greengrocer-senegal.com\/wp-content\/uploads\/2016\/06\/MANDARINA.png 723w, http:\/\/greengrocer-senegal.com\/wp-content\/uploads\/2016\/06\/MANDARINA-300x82.png 300w\" sizes=\"(max-width: 1003px) 100vw, 1003px\" \/><\/p>\n<p>Fruto del mandarino, \u00e1rbol perteneciente a la familia de las Rut\u00e1ceas. La pulpa de estos frutos est\u00e1 formada por numerosas ves\u00edculas llenas de jugo. Su peque\u00f1o tama\u00f1o, su sabor y la facilidad de quitar la piel, hacen de esta fruta una de las m\u00e1s apreciadas.<\/p>\n<p>Con GreenGrocer Senegal podr\u00e1 disponer de la Mandarina durante todo el a\u00f1o con la garant\u00eda de la mejor calidad. Su cultivo va acompa\u00f1ado siempre de\u00a0 t\u00e9cnicas avanzadas y respetuosas con el medio ambiente. Nuestros especialistas se encargan de escoger los productos en las mejores condiciones.<\/p>\n<p><img decoding=\"async\" loading=\"lazy\" class=\"aligncenter wp-image-651\" src=\"http:\/\/greengrocer-senegal.com\/wp-content\/uploads\/2016\/06\/MANDARINA-1.png\" alt=\"MANDARINA\" width=\"594\" height=\"420\" data-id=\"651\" srcset=\"http:\/\/greengrocer-senegal.com\/wp-content\/uploads\/2016\/06\/MANDARINA-1.png 1754w, http:\/\/greengrocer-senegal.com\/wp-content\/uploads\/2016\/06\/MANDARINA-1-300x212.png 300w, http:\/\/greengrocer-senegal.com\/wp-content\/uploads\/2016\/06\/MANDARINA-1-768x543.png 768w, http:\/\/greengrocer-senegal.com\/wp-content\/uploads\/2016\/06\/MANDARINA-1-1024x724.png 1024w\" sizes=\"(max-width: 594px) 100vw, 594px\" \/><\/p>\n<p><strong><em><u>Garant\u00edas de conservaci\u00f3n y trasporte<\/u><\/em><\/strong><\/p>\n<p>Las recomendaciones para la conservaci\u00f3n durante el transporte de este tipo de fruta son refrigerada entre 2\u00ba y 4\u00baC. GreenGrocer Senegal garantiza que se mantiene la cadena fr\u00edo durante el transporte desde la recolecta hasta su entrega.<\/p>\n<p>&nbsp;<\/p>","protected":false},"excerpt":{"rendered":"<p>Fruto del mandarino, \u00e1rbol perteneciente a la familia de las Rut\u00e1ceas. La pulpa de estos frutos est\u00e1 formada por numerosas ves\u00edculas llenas de jugo. Su peque\u00f1o tama\u00f1o, su sabor y la facilidad<a class=\"moretag\" href=\"http:\/\/greengrocer-senegal.com\/?page_id=483\">Read More&#8230;<\/a><\/p>\n","protected":false},"author":1,"featured_media":0,"parent":49,"menu_order":0,"comment_status":"closed","ping_status":"closed","template":"","meta":[],"_links":{"self":[{"href":"http:\/\/greengrocer-senegal.com\/index.php?rest_route=\/wp\/v2\/pages\/483"}],"collection":[{"href":"http:\/\/greengrocer-senegal.com\/index.php?rest_route=\/wp\/v2\/pages"}],"about":[{"href":"http:\/\/greengrocer-senegal.com\/index.php?rest_route=\/wp\/v2\/types\/page"}],"author":[{"embeddable":true,"href":"http:\/\/greengrocer-senegal.com\/index.php?rest_route=\/wp\/v2\/users\/1"}],"replies":[{"embeddable":true,"href":"http:\/\/greengrocer-senegal.com\/index.php?rest_route=%2Fwp%2Fv2%2Fcomments&post=483"}],"version-history":[{"count":5,"href":"http:\/\/greengrocer-senegal.com\/index.php?rest_route=\/wp\/v2\/pages\/483\/revisions"}],"predecessor-version":[{"id":1034,"href":"http:\/\/greengrocer-senegal.com\/index.php?rest_route=\/wp\/v2\/pages\/483\/revisions\/1034"}],"up":[{"embeddable":true,"href":"http:\/\/greengrocer-senegal.com\/index.php?rest_route=\/wp\/v2\/pages\/49"}],"wp:attachment":[{"href":"http:\/\/greengrocer-senegal.com\/index.php?rest_route=%2Fwp%2Fv2%2Fmedia&parent=483"}],"curies":[{"name":"wp","href":"https:\/\/api.w.org\/{rel}","templated":true}]}}