{"id":497,"date":"2016-03-28T17:36:34","date_gmt":"2016-03-28T17:36:34","guid":{"rendered":"http:\/\/greengrocer-senegal.com\/?page_id=497"},"modified":"2016-06-15T00:29:28","modified_gmt":"2016-06-15T00:29:28","slug":"que-hacemos","status":"publish","type":"page","link":"http:\/\/greengrocer-senegal.com\/?page_id=497","title":{"rendered":"\u00bfQU\u00c9 HACEMOS?"},"content":{"rendered":"<p><strong>SEMBRADO<\/strong><\/p>\n<p>En GreenGrocer Senegal empleamos los m\u00e9todos m\u00e1s avanzados para la siembra y<br \/>\ncuidado de nuestros productos. Para favorecer la m\u00e1xima efectividad en el proceso empleamos tres tipos de cultivo.<\/p>\n<ul>\n<li><img decoding=\"async\" loading=\"lazy\" class=\" wp-image-908 alignright\" src=\"http:\/\/greengrocer-senegal.com\/wp-content\/uploads\/2016\/03\/SIEMBRA.png\" alt=\"SIEMBRA\" width=\"407\" height=\"173\" data-id=\"908\" srcset=\"http:\/\/greengrocer-senegal.com\/wp-content\/uploads\/2016\/03\/SIEMBRA.png 634w, http:\/\/greengrocer-senegal.com\/wp-content\/uploads\/2016\/03\/SIEMBRA-300x128.png 300w\" sizes=\"(max-width: 407px) 100vw, 407px\" \/>Sembrado con maquinaria: utilizamos sembradoras de \u00faltima generaci\u00f3n para un proceso m\u00e1s efectivo. De esta forma minimizamos gastos y conseguimos ofrecer el mejor precio. Esta t\u00e9cnica es empleada para algunos tipos de hortalizas.<img decoding=\"async\" loading=\"lazy\" class=\"wp-image-905 alignleft\" src=\"http:\/\/greengrocer-senegal.com\/wp-content\/uploads\/2016\/03\/SIEMBRA-2.png\" alt=\"SIEMBRA 2\" width=\"325\" height=\"164\" data-id=\"905\" srcset=\"http:\/\/greengrocer-senegal.com\/wp-content\/uploads\/2016\/03\/SIEMBRA-2.png 495w, http:\/\/greengrocer-senegal.com\/wp-content\/uploads\/2016\/03\/SIEMBRA-2-300x152.png 300w\" sizes=\"(max-width: 325px) 100vw, 325px\" \/><\/li>\n<li>Trasplante: t\u00e9cnica que consiste en la plantaci\u00f3n individual de cada uno de los productos a mano. Se realizan agujeros con una perforadora y nuestros trabajadores en el campo plantan el producto. Esta t\u00e9cnica es empleada para hortalizas de hoja como el puerro o la calabaza, entre otros.<\/li>\n<li><img decoding=\"async\" loading=\"lazy\" class=\" wp-image-907 alignright\" src=\"http:\/\/greengrocer-senegal.com\/wp-content\/uploads\/2016\/03\/SIEMBRA-4.png\" alt=\"SIEMBRA 4\" width=\"270\" height=\"183\" data-id=\"907\" srcset=\"http:\/\/greengrocer-senegal.com\/wp-content\/uploads\/2016\/03\/SIEMBRA-4.png 489w, http:\/\/greengrocer-senegal.com\/wp-content\/uploads\/2016\/03\/SIEMBRA-4-300x204.png 300w\" sizes=\"(max-width: 270px) 100vw, 270px\" \/>\u00c1rboles frutales: seleccionamos las mejores variedades y nos aseguramos de que reciban los cuidados precisos. En GreenGrocer Senegal no poseemos campos frutales propios pero supervisamos de cerca los cultivos seleccionados.<\/li>\n<\/ul>\n<p>&nbsp;<\/p>\n<p><strong>RECOLECCI\u00d3N<\/strong><\/p>\n<p>Para garantizar que las frutas y hortalizas tienen el mejor sabor son cosechados en el punto justo de madurez, siempre teniendo en cuenta el tiempo de trasporte. Para ello empleamos dos m\u00e9todos, estos variar\u00e1n dependiendo del producto o de c\u00f3mo lo solicite el cliente.<\/p>\n<ul>\n<li><img decoding=\"async\" loading=\"lazy\" class=\" wp-image-901 alignleft\" src=\"http:\/\/greengrocer-senegal.com\/wp-content\/uploads\/2016\/03\/COSECHADO-2.png\" alt=\"COSECHADO 2\" width=\"280\" height=\"383\" data-id=\"901\" srcset=\"http:\/\/greengrocer-senegal.com\/wp-content\/uploads\/2016\/03\/COSECHADO-2.png 1384w, http:\/\/greengrocer-senegal.com\/wp-content\/uploads\/2016\/03\/COSECHADO-2-219x300.png 219w, http:\/\/greengrocer-senegal.com\/wp-content\/uploads\/2016\/03\/COSECHADO-2-768x1050.png 768w, http:\/\/greengrocer-senegal.com\/wp-content\/uploads\/2016\/03\/COSECHADO-2-749x1024.png 749w\" sizes=\"(max-width: 280px) 100vw, 280px\" \/>Mecanizada: avanzadas cosechadoras realizan esta funci\u00f3n. Gracias a esto podemos abastecer cualquier pedido, sin importar lo grande que sea. Algunos productos extra\u00eddos por este m\u00e9todo ser\u00e1n la zanahoria o el nabo.<\/li>\n<li>Manual: se recolectan todos los productos uno a uno con gran cuidado. Algunos ejemplos ser\u00e1n la cosecha de las frutas o los manojos de zanahorias. Este proceso nos permite conservar de forma \u00edntegra la planta, conservando todas sus propiedades.<\/li>\n<\/ul>\n<p>&nbsp;<\/p>\n<p>&nbsp;<\/p>\n<p>&nbsp;<\/p>\n<p>&nbsp;<\/p>\n<p>&nbsp;<\/p>\n<p><strong>PROCESADO<\/strong><\/p>\n<p><img decoding=\"async\" loading=\"lazy\" class=\" wp-image-903 alignleft\" src=\"http:\/\/greengrocer-senegal.com\/wp-content\/uploads\/2016\/03\/PROCESADO-3.png\" alt=\"PROCESADO 3\" width=\"299\" height=\"179\" data-id=\"903\" srcset=\"http:\/\/greengrocer-senegal.com\/wp-content\/uploads\/2016\/03\/PROCESADO-3.png 1214w, http:\/\/greengrocer-senegal.com\/wp-content\/uploads\/2016\/03\/PROCESADO-3-300x179.png 300w, http:\/\/greengrocer-senegal.com\/wp-content\/uploads\/2016\/03\/PROCESADO-3-768x459.png 768w, http:\/\/greengrocer-senegal.com\/wp-content\/uploads\/2016\/03\/PROCESADO-3-1024x612.png 1024w\" sizes=\"(max-width: 299px) 100vw, 299px\" \/>El producto llegar\u00e1 a su empresa listo para la distribuci\u00f3n. Tenemos acceso a instalaciones\u00a0 de procesado en las cuales se realiza la selecci\u00f3n, lavado y embolsado de los productos. Si desea cualquier formato no dude en consultarnos.<\/p>\n<p><img decoding=\"async\" loading=\"lazy\" class=\" wp-image-904 alignright\" src=\"http:\/\/greengrocer-senegal.com\/wp-content\/uploads\/2016\/03\/PROCESADO-4.png\" alt=\"PROCESADO 4\" width=\"342\" height=\"198\" data-id=\"904\" srcset=\"http:\/\/greengrocer-senegal.com\/wp-content\/uploads\/2016\/03\/PROCESADO-4.png 2480w, http:\/\/greengrocer-senegal.com\/wp-content\/uploads\/2016\/03\/PROCESADO-4-300x174.png 300w, http:\/\/greengrocer-senegal.com\/wp-content\/uploads\/2016\/03\/PROCESADO-4-768x445.png 768w, http:\/\/greengrocer-senegal.com\/wp-content\/uploads\/2016\/03\/PROCESADO-4-1024x593.png 1024w\" sizes=\"(max-width: 342px) 100vw, 342px\" \/>Durante el procesado cada producto alcanza progresivamente la temperatura de conservaci\u00f3n y transporte requerida para cada uno.<\/p>\n<ul>\n<li>Le presentamos una de nuestras opciones de embolsado, la bandeja de cocido. Esta contiene diversos productos listos para su comercializaci\u00f3n y c\u00f3moda consumici\u00f3n. No dude en consultarnos.<\/li>\n<\/ul>\n<p><strong>TRANSPORTE<\/strong><\/p>\n<p>Los mejores servicios y garant\u00edas para nuestros clientes. Facilitamos todos los pasos para el env\u00edo. Estamos en constante contacto con empresas de transporte mar\u00edtimo y terrestre. Contamos con una amplia experiencia en la gesti\u00f3n y control de estos servicios, y podemos ofrecer garant\u00edas de conservaci\u00f3n.<\/p>\n<p><img decoding=\"async\" loading=\"lazy\" class=\"wp-image-909 alignleft\" src=\"http:\/\/greengrocer-senegal.com\/wp-content\/uploads\/2016\/03\/TRANSPORTE-1.png\" alt=\"TRANSPORTE 1\" width=\"274\" height=\"175\" data-id=\"909\" srcset=\"http:\/\/greengrocer-senegal.com\/wp-content\/uploads\/2016\/03\/TRANSPORTE-1.png 522w, http:\/\/greengrocer-senegal.com\/wp-content\/uploads\/2016\/03\/TRANSPORTE-1-300x192.png 300w\" sizes=\"(max-width: 274px) 100vw, 274px\" \/><img decoding=\"async\" loading=\"lazy\" class=\"size-full wp-image-910 alignright\" src=\"http:\/\/greengrocer-senegal.com\/wp-content\/uploads\/2016\/03\/TRANSPORTE-2.png\" alt=\"TRANSPORTE 2\" width=\"530\" height=\"175\" data-id=\"910\" srcset=\"http:\/\/greengrocer-senegal.com\/wp-content\/uploads\/2016\/03\/TRANSPORTE-2.png 530w, http:\/\/greengrocer-senegal.com\/wp-content\/uploads\/2016\/03\/TRANSPORTE-2-300x99.png 300w\" sizes=\"(max-width: 530px) 100vw, 530px\" \/><\/p>","protected":false},"excerpt":{"rendered":"<p>SEMBRADO En GreenGrocer Senegal empleamos los m\u00e9todos m\u00e1s avanzados para la siembra y cuidado de nuestros productos. Para favorecer la m\u00e1xima efectividad en el proceso empleamos tres tipos de cultivo. Sembrado con<a class=\"moretag\" href=\"http:\/\/greengrocer-senegal.com\/?page_id=497\">Read More&#8230;<\/a><\/p>\n","protected":false},"author":1,"featured_media":0,"parent":0,"menu_order":0,"comment_status":"closed","ping_status":"closed","template":"","meta":[],"_links":{"self":[{"href":"http:\/\/greengrocer-senegal.com\/index.php?rest_route=\/wp\/v2\/pages\/497"}],"collection":[{"href":"http:\/\/greengrocer-senegal.com\/index.php?rest_route=\/wp\/v2\/pages"}],"about":[{"href":"http:\/\/greengrocer-senegal.com\/index.php?rest_route=\/wp\/v2\/types\/page"}],"author":[{"embeddable":true,"href":"http:\/\/greengrocer-senegal.com\/index.php?rest_route=\/wp\/v2\/users\/1"}],"replies":[{"embeddable":true,"href":"http:\/\/greengrocer-senegal.com\/index.php?rest_route=%2Fwp%2Fv2%2Fcomments&post=497"}],"version-history":[{"count":29,"href":"http:\/\/greengrocer-senegal.com\/index.php?rest_route=\/wp\/v2\/pages\/497\/revisions"}],"predecessor-version":[{"id":930,"href":"http:\/\/greengrocer-senegal.com\/index.php?rest_route=\/wp\/v2\/pages\/497\/revisions\/930"}],"wp:attachment":[{"href":"http:\/\/greengrocer-senegal.com\/index.php?rest_route=%2Fwp%2Fv2%2Fmedia&parent=497"}],"curies":[{"name":"wp","href":"https:\/\/api.w.org\/{rel}","templated":true}]}}