{"id":499,"date":"2016-03-28T17:36:58","date_gmt":"2016-03-28T17:36:58","guid":{"rendered":"http:\/\/greengrocer-senegal.com\/?page_id=499"},"modified":"2016-06-15T18:42:57","modified_gmt":"2016-06-15T18:42:57","slug":"quienes-somos","status":"publish","type":"page","link":"http:\/\/greengrocer-senegal.com\/?page_id=499","title":{"rendered":"\u00bfQUIENES SOMOS?"},"content":{"rendered":"<p><img decoding=\"async\" loading=\"lazy\" class=\" wp-image-545 alignright\" src=\"http:\/\/greengrocer-senegal.com\/wp-content\/uploads\/2016\/06\/imagen-para-retocar.png\" alt=\"imagen para retocar\" width=\"294\" height=\"165\" data-id=\"545\" srcset=\"http:\/\/greengrocer-senegal.com\/wp-content\/uploads\/2016\/06\/imagen-para-retocar.png 960w, http:\/\/greengrocer-senegal.com\/wp-content\/uploads\/2016\/06\/imagen-para-retocar-300x169.png 300w, http:\/\/greengrocer-senegal.com\/wp-content\/uploads\/2016\/06\/imagen-para-retocar-768x432.png 768w\" sizes=\"(max-width: 294px) 100vw, 294px\" \/>En GreenGrocer Senegal nos dedicamos a la comercializaci\u00f3n de frutas y verduras. Somos especialistas en seleccionar los mejores g\u00e9neros, todo para ofrec\u00e9rselo a nuestros clientes.<\/p>\n<p><img decoding=\"async\" loading=\"lazy\" class=\" wp-image-967 alignleft\" src=\"http:\/\/greengrocer-senegal.com\/wp-content\/uploads\/2016\/03\/16_Transportes_mercancias_.png\" alt=\"16_Transportes_mercancias_\" width=\"309\" height=\"139\" data-id=\"967\" srcset=\"http:\/\/greengrocer-senegal.com\/wp-content\/uploads\/2016\/03\/16_Transportes_mercancias_.png 1064w, http:\/\/greengrocer-senegal.com\/wp-content\/uploads\/2016\/03\/16_Transportes_mercancias_-300x135.png 300w, http:\/\/greengrocer-senegal.com\/wp-content\/uploads\/2016\/03\/16_Transportes_mercancias_-768x345.png 768w, http:\/\/greengrocer-senegal.com\/wp-content\/uploads\/2016\/03\/16_Transportes_mercancias_-1024x460.png 1024w, http:\/\/greengrocer-senegal.com\/wp-content\/uploads\/2016\/03\/16_Transportes_mercancias_-604x270.png 604w\" sizes=\"(max-width: 309px) 100vw, 309px\" \/>La mayor\u00eda de nuestros profesionales acumula m\u00e1s de 25 a\u00f1os de experiencia en el sector. Esto les aporta un amplio conocimiento del mercado y sobre todo de los productos. Su experiencia y la satisfacci\u00f3n de sus clientes son nuestra mejor garant\u00eda. \u00bfQuieres saber sobre ellos? <a href=\"http:\/\/greengrocer-senegal.com\/?page_id=56\">Clica aqu\u00ed<\/a><\/p>\n<p>Con nuestra labor pretendemos ofrecer un servicio serio y respetuoso con el entorno. A la vez entendemos un mundo sin barreras, en el cual nuestros productos puedan llegar con facilidad a su empresa.<\/p>\n<p><a href=\"http:\/\/greengrocer-senegal.com\/?page_id=538\">Contacte<\/a> con nuestros profesionales y solicite disponibilidad, presupuesto, formas de transporte y todo lo que desee. Estamos aqu\u00ed para servirle.<\/p>","protected":false},"excerpt":{"rendered":"<p>En GreenGrocer Senegal nos dedicamos a la comercializaci\u00f3n de frutas y verduras. Somos especialistas en seleccionar los mejores g\u00e9neros, todo para ofrec\u00e9rselo a nuestros clientes. La mayor\u00eda de nuestros profesionales acumula m\u00e1s<a class=\"moretag\" href=\"http:\/\/greengrocer-senegal.com\/?page_id=499\">Read More&#8230;<\/a><\/p>\n","protected":false},"author":1,"featured_media":0,"parent":0,"menu_order":0,"comment_status":"closed","ping_status":"closed","template":"","meta":[],"_links":{"self":[{"href":"http:\/\/greengrocer-senegal.com\/index.php?rest_route=\/wp\/v2\/pages\/499"}],"collection":[{"href":"http:\/\/greengrocer-senegal.com\/index.php?rest_route=\/wp\/v2\/pages"}],"about":[{"href":"http:\/\/greengrocer-senegal.com\/index.php?rest_route=\/wp\/v2\/types\/page"}],"author":[{"embeddable":true,"href":"http:\/\/greengrocer-senegal.com\/index.php?rest_route=\/wp\/v2\/users\/1"}],"replies":[{"embeddable":true,"href":"http:\/\/greengrocer-senegal.com\/index.php?rest_route=%2Fwp%2Fv2%2Fcomments&post=499"}],"version-history":[{"count":9,"href":"http:\/\/greengrocer-senegal.com\/index.php?rest_route=\/wp\/v2\/pages\/499\/revisions"}],"predecessor-version":[{"id":976,"href":"http:\/\/greengrocer-senegal.com\/index.php?rest_route=\/wp\/v2\/pages\/499\/revisions\/976"}],"wp:attachment":[{"href":"http:\/\/greengrocer-senegal.com\/index.php?rest_route=%2Fwp%2Fv2%2Fmedia&parent=499"}],"curies":[{"name":"wp","href":"https:\/\/api.w.org\/{rel}","templated":true}]}}