{"id":85,"date":"2014-07-05T00:03:22","date_gmt":"2014-07-05T00:03:22","guid":{"rendered":"http:\/\/greengrocer-senegal.com\/?page_id=85"},"modified":"2016-08-18T19:14:23","modified_gmt":"2016-08-18T19:14:23","slug":"manzanas","status":"publish","type":"page","link":"http:\/\/greengrocer-senegal.com\/?page_id=85","title":{"rendered":"Manzana"},"content":{"rendered":"<p><img decoding=\"async\" loading=\"lazy\" class=\"aligncenter wp-image-605\" src=\"http:\/\/greengrocer-senegal.com\/wp-content\/uploads\/2016\/06\/MANZANA.png\" alt=\"MANZANA\" width=\"1003\" height=\"274\" data-id=\"605\" srcset=\"http:\/\/greengrocer-senegal.com\/wp-content\/uploads\/2016\/06\/MANZANA.png 723w, http:\/\/greengrocer-senegal.com\/wp-content\/uploads\/2016\/06\/MANZANA-300x82.png 300w\" sizes=\"(max-width: 1003px) 100vw, 1003px\" \/><\/p>\n<p>Fruto del manzano, \u00e1rbol de la familia de las Ros\u00e1ceas<em>.<\/em> El cultivo de manzana es tan antiguo como la humanidad, siendo el manzano el \u00e1rbol frutal m\u00e1s cultivado a nivel mundial. Es uno de los frutos m\u00e1s completos que existen, ya sea por sus\u00a0 valores alimenticios o por la gran variedad de formas, colores y sabores que se pueden encontrar.<\/p>\n<p>Con GreenGrocer Senegal podr\u00e1 disponer de la Manzana durante todo el a\u00f1o con la garant\u00eda de la mejor calidad. Su cultivo va acompa\u00f1ado siempre de\u00a0 t\u00e9cnicas avanzadas y respetuosas con el medio ambiente. Nuestros especialistas se encargan de escoger los productos en las mejores condiciones.<\/p>\n<p><img decoding=\"async\" loading=\"lazy\" class=\"aligncenter wp-image-653\" src=\"http:\/\/greengrocer-senegal.com\/wp-content\/uploads\/2016\/06\/MANZANA-1.png\" alt=\"MANZANA\" width=\"594\" height=\"420\" data-id=\"653\" srcset=\"http:\/\/greengrocer-senegal.com\/wp-content\/uploads\/2016\/06\/MANZANA-1.png 1754w, http:\/\/greengrocer-senegal.com\/wp-content\/uploads\/2016\/06\/MANZANA-1-300x212.png 300w, http:\/\/greengrocer-senegal.com\/wp-content\/uploads\/2016\/06\/MANZANA-1-768x543.png 768w, http:\/\/greengrocer-senegal.com\/wp-content\/uploads\/2016\/06\/MANZANA-1-1024x724.png 1024w\" sizes=\"(max-width: 594px) 100vw, 594px\" \/><\/p>\n<p><strong><em><u>Garant\u00edas de conservaci\u00f3n y trasporte<\/u><\/em><\/strong><\/p>\n<p>La temperatura \u00f3ptima de conservaci\u00f3n durante el transporte de la manzana es de 2\u00ba a 4\u00baC en funci\u00f3n de la variedad de manzana de la que se trate. GreenGrocer Senegal asegura que no se rompe la cadena fr\u00edo manteniendo buenas condiciones desde la recolecta hasta su entrega.<\/p>\n<p>&nbsp;<\/p>\n<p><!--?php if( function_exists('cyclone_slider') ) cyclone_slider('productos'); ?--><\/p>","protected":false},"excerpt":{"rendered":"<p>Fruto del manzano, \u00e1rbol de la familia de las Ros\u00e1ceas. El cultivo de manzana es tan antiguo como la humanidad, siendo el manzano el \u00e1rbol frutal m\u00e1s cultivado a nivel mundial. Es<a class=\"moretag\" href=\"http:\/\/greengrocer-senegal.com\/?page_id=85\">Read More&#8230;<\/a><\/p>\n","protected":false},"author":1,"featured_media":0,"parent":49,"menu_order":0,"comment_status":"closed","ping_status":"closed","template":"","meta":[],"_links":{"self":[{"href":"http:\/\/greengrocer-senegal.com\/index.php?rest_route=\/wp\/v2\/pages\/85"}],"collection":[{"href":"http:\/\/greengrocer-senegal.com\/index.php?rest_route=\/wp\/v2\/pages"}],"about":[{"href":"http:\/\/greengrocer-senegal.com\/index.php?rest_route=\/wp\/v2\/types\/page"}],"author":[{"embeddable":true,"href":"http:\/\/greengrocer-senegal.com\/index.php?rest_route=\/wp\/v2\/users\/1"}],"replies":[{"embeddable":true,"href":"http:\/\/greengrocer-senegal.com\/index.php?rest_route=%2Fwp%2Fv2%2Fcomments&post=85"}],"version-history":[{"count":10,"href":"http:\/\/greengrocer-senegal.com\/index.php?rest_route=\/wp\/v2\/pages\/85\/revisions"}],"predecessor-version":[{"id":1031,"href":"http:\/\/greengrocer-senegal.com\/index.php?rest_route=\/wp\/v2\/pages\/85\/revisions\/1031"}],"up":[{"embeddable":true,"href":"http:\/\/greengrocer-senegal.com\/index.php?rest_route=\/wp\/v2\/pages\/49"}],"wp:attachment":[{"href":"http:\/\/greengrocer-senegal.com\/index.php?rest_route=%2Fwp%2Fv2%2Fmedia&parent=85"}],"curies":[{"name":"wp","href":"https:\/\/api.w.org\/{rel}","templated":true}]}}